{"id":105,"date":"2013-11-08T19:01:29","date_gmt":"2013-11-08T18:01:29","guid":{"rendered":"http:\/\/simon-saz.de\/wnb\/v3\/?page_id=105"},"modified":"2018-06-09T12:07:44","modified_gmt":"2018-06-09T10:07:44","slug":"impressum","status":"publish","type":"page","link":"https:\/\/simon-saz.de\/wnb\/v3\/?page_id=105","title":{"rendered":"Impressum"},"content":{"rendered":"<p><strong style=\"font-size: 16px;\">Impressum<\/strong><\/p>\n<p><strong>Angaben gem\u00e4\u00df \u00a7 5 TMG:<\/strong><\/p>\n<p style=\"font-size: 14px;\"><strong style=\"font-family: Verdana, Arial, Helvetica, sans-serif; font-size: 14px;\">WHY NOT BAND Augsburg&nbsp;&nbsp; &nbsp;<\/strong><strong style=\"font-family: Verdana, Arial, Helvetica, sans-serif; font-size: 12px;\">(Auftrittsname der 6 Musiker)<\/strong><\/p>\n<p><strong>Kontakt<\/strong>&nbsp;&nbsp;&nbsp;&nbsp; Email:&nbsp; <a href=\"mailto:info@whynotband.de\"><span style=\"text-decoration: underline;\"><span style=\"color: #0000ff;\">info@whynotband.de<\/span><\/span><\/a>&nbsp;&nbsp;&nbsp;&nbsp;&nbsp;&nbsp;&nbsp; Telefon\/Mobil:&nbsp; 0172 82 00 758<\/p>\n<p>Verantwortlich f\u00fcr den Inhalt nach \u00a7 55 Abs. 2 RStV:<\/p>\n<p>Joachim F. Adamczuk, c\/o Autohaus Donauried, D- 89407 Dillingen, Rudolf-Diesel-Str. 5<\/p>\n<p><strong style=\"font-size: 16px;\">Disclaimer<\/strong><\/p>\n<p><strong>Haftung f\u00fcr Inhalte<\/strong><\/p>\n<p>Als Diensteanbieter sind wir gem\u00e4\u00df \u00a7 7 Abs.1 TMG f\u00fcr eigene Inhalte auf diesen Seiten nach den allgemeinen Gesetzen verantwortlich. Nach \u00a7\u00a7 8 bis 10 TMG sind wir als Diensteanbieter jedoch nicht verpflichtet, \u00fcbermittelte oder gespeicherte fremde Informationen zu \u00fcberwachen oder nach Umst\u00e4nden zu forschen, die auf eine rechtswidrige T\u00e4tigkeit hinweisen. Verpflichtungen zur Entfernung oder Sperrung der Nutzung von Informationen nach den allgemeinen Gesetzen bleiben hiervon unber\u00fchrt. Eine diesbez\u00fcgliche Haftung ist jedoch erst ab dem Zeitpunkt der Kenntnis einer konkreten Rechtsverletzung m\u00f6glich. Bei Bekanntwerden von entsprechenden Rechtsverletzungen werden wir diese Inhalte umgehend entfernen.<\/p>\n<p><strong>Haftung f\u00fcr Links<\/strong><\/p>\n<p>Unser Angebot enth\u00e4lt Links zu externen Webseiten Dritter, auf deren Inhalte wir keinen Einfluss haben. Deshalb k\u00f6nnen wir f\u00fcr diese fremden Inhalte auch keine Gew\u00e4hr \u00fcbernehmen. F\u00fcr die Inhalte der verlinkten Seiten ist stets der jeweilige Anbieter oder Betreiber der Seiten verantwortlich. Die verlinkten Seiten wurden zum Zeitpunkt der Verlinkung auf m\u00f6gliche Rechtsverst\u00f6\u00dfe \u00fcberpr\u00fcft. Rechtswidrige Inhalte waren zum Zeitpunkt der Verlinkung nicht erkennbar. Eine permanente inhaltliche Kontrolle der verlinkten Seiten ist jedoch ohne konkrete Anhaltspunkte einer Rechtsverletzung nicht zumutbar. Bei Bekanntwerden von Rechtsverletzungen werden wir derartige Links umgehend entfernen.<\/p>\n<p><strong>Urheberrecht<\/strong><\/p>\n<p>Die durch die Seitenbetreiber erstellten Inhalte und Werke auf diesen Seiten unterliegen dem deutschen Urheberrecht. Die Vervielf\u00e4ltigung, Bearbeitung, Verbreitung und jede Art der Verwertung au\u00dferhalb der Grenzen des Urheberrechtes bed\u00fcrfen der schriftlichen Zustimmung des jeweiligen Autors bzw. Erstellers. Downloads und Kopien dieser Seite sind nur f\u00fcr den privaten, nicht kommerziellen Gebrauch gestattet. Soweit die Inhalte auf dieser Seite nicht vom Betreiber erstellt wurden, werden die Urheberrechte Dritter beachtet. Insbesondere werden Inhalte Dritter als solche gekennzeichnet. Sollten Sie trotzdem auf eine Urheberrechtsverletzung aufmerksam werden, bitten wir um einen entsprechenden Hinweis. Bei Bekanntwerden von Rechtsverletzungen werden wir derartige Inhalte umgehend entfernen.<\/p>\n<p><strong>An alle Freunde und Fans (EU-Datenschutz-Grundverordnung),<\/strong><br \/>\nviele von Euch erhalten von uns, der WHY NOT BAND, Informationen und unser monatliches Roundup (Tourenplan) zu aktuellen Geschehnissen und Auftritten per Email. Gerne wollen wir Euch auch weiter nach dem 25. Mai 2018 (Inkrafttreten der EU-Datenschutz-Grundverordnung) weiterhin \u00fcber unsere Aktivit\u00e4ten und Konzerte etc. informieren und mit Euch in Kontakt bleiben.<br \/>\nIm Rahmen des Versands unserer Informationen werden Euer Name und Eure Email-Adresse gespeichert. Ihr k\u00f6nnt jederzeit ohne Angabe von Gr\u00fcnden widerrufen und mitteilen, dass die Daten gel\u00f6scht werden sollen (was unsererseits dann innerhalb von drei Arbeitstagen gemacht wird). Dies ist via E-Mail an info@whynotband.de m\u00f6glich und auch telefonisch oder SMS: 0172 82 00 758 (ggf. Anrufbeantworter). Au\u00dferdem gibt es so gut wie mit jedem Newsletter\/Roundup einen Hinweis, um uns den Widerruf mitzuteilen.<br \/>\nWie bisher werden Eure Daten nicht an Dritte weitergegeben und vertraulich behandelt. (Das ist so, weil wir alle Kontakte selber pflegen und niemanden damit beauftragen.)<br \/>\nWenn wir Euch weiter informieren d\u00fcrfen, braucht Ihr nichts zu tun. Alles l\u00e4uft dann wie bisher!<br \/>\nSolltet Ihr in Zukunft jedoch keine Informationen von der WHY NOT BAND mehr erhalten wollen, bitten wir Euch, um eine kurze Information per E-Mail. Ein einfaches &#8222;nein&#8220; oder &#8222;l\u00f6schen&#8220; im Betreff und\/oder als Text reicht aus. Wir nehmen Euch dann unverz\u00fcglich aus dem Verteiler. Durch den Widerruf wird die Rechtm\u00e4\u00dfigkeit der bis dahin erfolgten<br \/>\nVerarbeitung nicht ber\u00fchrt.<\/p>\n<hr>\n","protected":false},"excerpt":{"rendered":"<p>Impressum Angaben gem\u00e4\u00df \u00a7 5 TMG: WHY NOT BAND Augsburg&nbsp;&nbsp; &nbsp;(Auftrittsname der 6 Musiker) Kontakt&nbsp;&nbsp;&nbsp;&nbsp; Email:&nbsp; info@whynotband.de&nbsp;&nbsp;&nbsp;&nbsp;&nbsp;&nbsp;&nbsp; Telefon\/Mobil:&nbsp; 0172 82 00 758 Verantwortlich f\u00fcr den Inhalt nach \u00a7 55 Abs. [&hellip;]<\/p>\n","protected":false},"author":1,"featured_media":0,"parent":0,"menu_order":10,"comment_status":"closed","ping_status":"closed","template":"","meta":{"ngg_post_thumbnail":0,"_price":"","_stock":"","_tribe_ticket_header":"","_tribe_default_ticket_provider":"","_tribe_ticket_capacity":"0","_ticket_start_date":"","_ticket_end_date":"","_tribe_ticket_show_description":"","_tribe_ticket_show_not_going":false,"_tribe_ticket_use_global_stock":"","_tribe_ticket_global_stock_level":"","_global_stock_mode":"","_global_stock_cap":"","_tribe_rsvp_for_event":"","_tribe_ticket_going_count":"","_tribe_ticket_not_going_count":"","_tribe_tickets_list":"[]","_tribe_ticket_has_attendee_info_fields":false,"footnotes":"","_tec_slr_enabled":"","_tec_slr_layout":""},"class_list":["post-105","page","type-page","status-publish","hentry"],"ticketed":false,"_links":{"self":[{"href":"https:\/\/simon-saz.de\/wnb\/v3\/index.php?rest_route=\/wp\/v2\/pages\/105","targetHints":{"allow":["GET"]}}],"collection":[{"href":"https:\/\/simon-saz.de\/wnb\/v3\/index.php?rest_route=\/wp\/v2\/pages"}],"about":[{"href":"https:\/\/simon-saz.de\/wnb\/v3\/index.php?rest_route=\/wp\/v2\/types\/page"}],"author":[{"embeddable":true,"href":"https:\/\/simon-saz.de\/wnb\/v3\/index.php?rest_route=\/wp\/v2\/users\/1"}],"replies":[{"embeddable":true,"href":"https:\/\/simon-saz.de\/wnb\/v3\/index.php?rest_route=%2Fwp%2Fv2%2Fcomments&post=105"}],"version-history":[{"count":17,"href":"https:\/\/simon-saz.de\/wnb\/v3\/index.php?rest_route=\/wp\/v2\/pages\/105\/revisions"}],"predecessor-version":[{"id":1840,"href":"https:\/\/simon-saz.de\/wnb\/v3\/index.php?rest_route=\/wp\/v2\/pages\/105\/revisions\/1840"}],"wp:attachment":[{"href":"https:\/\/simon-saz.de\/wnb\/v3\/index.php?rest_route=%2Fwp%2Fv2%2Fmedia&parent=105"}],"curies":[{"name":"wp","href":"https:\/\/api.w.org\/{rel}","templated":true}]}}