{"id":33,"date":"2013-11-05T19:28:07","date_gmt":"2013-11-05T17:28:07","guid":{"rendered":"http:\/\/simon-saz.de\/wnb\/v3\/?page_id=33"},"modified":"2017-11-21T15:55:05","modified_gmt":"2017-11-21T14:55:05","slug":"die-band","status":"publish","type":"page","link":"https:\/\/simon-saz.de\/wnb\/v3\/?page_id=33","title":{"rendered":"Die Band"},"content":{"rendered":"<style>\t\t\t\/*  div wrapped around entire staff list  *\/\r\n\t\t\tdiv.staff-member-listing {\r\n\t\t\t}\r\n\t\t\t\/*  div wrapped around each staff member  *\/\r\n\t\t\tdiv.staff-member {\r\n\t\t\t\tpadding-bottom: 2em;\r\n\t\t\t\tborder-bottom: thin dotted #aaa;\r\n\t\t\t}\r\n\t\t\t\/*  &quot;Even&quot; staff member  *\/\r\n\t\t\tdiv.staff-member.even {\r\n\t\t\t}\r\n\t\t\t\/*  &quot;Odd&quot; staff member  *\/\r\n\t\t\tdiv.staff-member.odd {\r\n\t\t\t\tmargin-top: 2em;\r\n                                margin-bottom: 2em;\r\n\t\t\t}\r\n\t\t\t\/*  Last staff member  *\/\r\n\t\t\tdiv.staff-member.last {\r\n\t\t\t\tpadding-bottom: 0;\r\n\t\t\t\tborder: none;\r\n\t\t\t}\r\n\t\t\t\/*  Wrap around staff info  *\/\r\n\t\t\t.staff-member-info-wrap {\r\n\t\t\t\tfloat: left;\r\n\t\t\t\twidth: 70%;\r\n\t\t\t\tmargin-left: 3%;\r\n\t\t\t}\r\n\t\t\t\/*  [staff-bio-formatted]  *\/\r\n\t\t\tdiv.staff-member-bio {\r\n\t\t\t}\r\n\t\t\t\/*  p tags within [staff-bio-formatted]  *\/\r\n\t\t\tdiv.staff-member-bio p {\r\n\t\t\t}\r\n\t\t\t\/*  [staff-photo]  *\/\r\n\t\t\timg.staff-member-photo {\r\n\t\t\t\tfloat: left;\r\n\t\t\t}\r\n\t\t\t\/*  [staff-email-link]  *\/\r\n\t\t\t.staff-member-email {\r\n\t\t\t}\r\n\t\t\t\/*  [staff-name-formatted]  *\/\r\n\t\t\tdiv.staff-member-listing h3.staff-member-name {\r\n\t\t\t\tmargin: 0;\r\n\t\t\t}\r\n\t\t\t\/*  [staff-position-formatted]  *\/\r\n\t\t\tdiv.staff-member-listing h4.staff-member-position {\r\n\t\t\t\tmargin: 0;\r\n\t\t\t\tfont-style: italic;\r\n\t\t\t}\r\n\t\t\t\/* Clearfix for div.staff-member *\/\r\n\t\t\tdiv.staff-member:after {\r\n\t\t\t\tcontent: &quot;&quot;;\r\n\t\t\t\tdisplay: block;\r\n\t\t\t\tclear: both;\r\n\t\t\t}\r\n\t\t\t\/* Clearfix for &lt;= IE7 *\/\r\n\t\t\t* html div.staff-member { height: 1%; }\r\n\t\t\tdiv.staff-member { display: block; }\r\n\t\t<\/style><div class=\"staff-member-listing \"><div class=\"staff-member even \">\r\n\t\t\t<img decoding=\"async\" class=\"staff-member-photo\" src=\"https:\/\/simon-saz.de\/wnb\/v3\/wp-content\/uploads\/2013\/11\/joachim-2-150x150.png\" alt=\"Joachim F. Adamczuk : \">\r\n\t\t\t<div class=\"staff-member-info-wrap\">\r\n\t\t\t\t<h3 class=\"staff-member-name\">Joachim F. Adamczuk<\/h3>\r\n\t\t\t\t\r\n\t\t\t\t<div class=\"staff-member-bio\"><p><span style=\"font-size: 10pt\">Berliner. Bandleader und Rhythm-Gitarrist, Vocals. Zur Musik kam er mit 15 Jahren in der Oberschule, wo er Ende der 50-er Jahre seine erste Skiffle-Group gr\u00fcndete; die zweite 1982 in Hattingen\/Ruhr. Gro\u00dfes musikalisches Vorbild war damals Lonny Donnegan. Zwischendurch versuchte er sich eine Zeitlang als Posaunist in einem Blasorchester und in einer Dixieland-Band in Berlin. Der Skiffle-Musik ist er dann bis 1985 treu geblieben. Viele Westernsongs konnte er somit von der \"Washboard-Music\" in die <strong>WHY NOT BAND<\/strong> einbringen.<\/span><\/p>\n<\/div>\r\n\t\t\t\t\r\n\t\t\t<\/div>\r\n\t\t<\/div> <!-- Close staff-member --><div class=\"staff-member odd \">\r\n\t\t\t<img decoding=\"async\" class=\"staff-member-photo\" src=\"https:\/\/simon-saz.de\/wnb\/v3\/wp-content\/uploads\/2013\/11\/Baerbel-5--e1603820354457.jpg\" alt=\"Babs Adamczuk : \">\r\n\t\t\t<div class=\"staff-member-info-wrap\">\r\n\t\t\t\t<h3 class=\"staff-member-name\">Babs Adamczuk<\/h3>\r\n\t\t\t\t\r\n\t\t\t\t<div class=\"staff-member-bio\"><p>Leads\u00e4ngerin, <span style=\"font-size: 1rem\">spielt das Tenor-Banjo und die Mandoline<\/span><span style=\"font-size: 1rem\">, geb\u00fcrtig NRW, Hattingen\/Ruhr. Ihre ersten \u201egro\u00dfen\u201c Soloauftritte mit der Gitarre unter dem Arm, fanden als Kind im engen Familienkreis mit Schunkel- und Volksliedern statt. Seit 1982 S\u00e4ngerin und Tenorbanjo-Spielerin in einer bekannten Skiffle-Group in Hattingen. Und nun seit Jahren auf dem Country-Trip. F\u00fcr ihre Songs, z.B. von Tanya Tucker, Carlene Carter, Tammy Wynette usw. bekommt sie \u201estanding ovations\u201c.&nbsp;<\/span><\/p>\n<\/div>\r\n\t\t\t\t\r\n\t\t\t<\/div>\r\n\t\t<\/div> <!-- Close staff-member --><div class=\"staff-member even \">\r\n\t\t\t<img decoding=\"async\" class=\"staff-member-photo\" src=\"https:\/\/simon-saz.de\/wnb\/v3\/wp-content\/uploads\/2017\/11\/wolly-3--129x150.png\" alt=\"Wolfgang Graf (Wolly) : \">\r\n\t\t\t<div class=\"staff-member-info-wrap\">\r\n\t\t\t\t<h3 class=\"staff-member-name\">Wolfgang Graf (Wolly)<\/h3>\r\n\t\t\t\t\r\n\t\t\t\t<div class=\"staff-member-bio\"><p>Leadgitarre und Vocal, geboren ja, 1953 aber in Augsburg \u2013 Lechhausen. Erst Autodidakt,dann musikalische Ausbildung: Gitarre bei Erich Gerber und Fl\u00f6te Geron Trier. Erster \u00f6ffentlicher Auftritt mit 14 Jahren: Sylvester in der Kom\u00f6die in Augsburg. Mit Joe Almus und Siggi Liepert in den Top 40 Bands: Royal Group und Feeling, reine US-Army Club-Bands mit ca. 150 Auftritten im Jahr bis 1976. Mit Fred Riedl bei den Hurricans \u201eLandluft-Band\u201c. Wieder mit Almus und Liepert Gr\u00fcndung der \u201eCare-Free-Band \u201c bis 1981. Bandleader bei der sehr erfolgreichen Country-Band \u201eCountry Fever\u201c bis zur Aufl\u00f6sung in 2000! Ab 2003 Leadgitarrist in der Bud Hennessie Band. Hurra, jetzt bei der <strong>WHY NOT BAND<\/strong>.Musikalische Vorbilder: Nil Young und Mark Knopfler<\/p>\n<\/div>\r\n\t\t\t\t\r\n\t\t\t<\/div>\r\n\t\t<\/div> <!-- Close staff-member --><div class=\"staff-member odd \">\r\n\t\t\t<img decoding=\"async\" class=\"staff-member-photo\" src=\"https:\/\/simon-saz.de\/wnb\/v3\/wp-content\/uploads\/2022\/05\/Penny-3-JPG-150x150.jpg\" alt=\"Penny, Laeds\u00e4nger und Gitarrist : \">\r\n\t\t\t<div class=\"staff-member-info-wrap\">\r\n\t\t\t\t<h3 class=\"staff-member-name\">Penny, Laeds\u00e4nger und Gitarrist<\/h3>\r\n\t\t\t\t\r\n\t\t\t\t<div class=\"staff-member-bio\"><p style=\"text-align: left\">Er begann mit 11 Jahren Gitarre zu spielen, nach dem Prinzip \u201elearning by doing\u201c. Mit 13 gr\u00fcndete er seine erste Band \"Die Pennies\", daher der Spitzname Penny. Hier erfolgten die ersten B\u00fchnenauftritte. Im Alter von 14 Jahren wechselte er zu den bekannten \u201eThe Soldiers\u201c. Er spielte danach bei den Gruppen Matchbox, The Crew, Verylights, Red River75, Blue Berrys, Tornados, WHY NOT BAND und der Free Electric Band. Nebenbei hat er auch noch als Gitarrist in einer Big Band gespielt. Nun ist er mit einer kurzen Unterbrechung&nbsp; wieder Mitglied in der WHY NOT BAND.<\/p>\n<\/div>\r\n\t\t\t\t\r\n\t\t\t<\/div>\r\n\t\t<\/div> <!-- Close staff-member --><div class=\"staff-member even \">\r\n\t\t\t<img decoding=\"async\" class=\"staff-member-photo\" src=\"https:\/\/simon-saz.de\/wnb\/v3\/wp-content\/uploads\/2020\/10\/Hans-Haller-5-150x150.jpg\" alt=\"Bass, Hans Haller, die Legende von \u201eJack of all Trades\u201c! : \">\r\n\t\t\t<div class=\"staff-member-info-wrap\">\r\n\t\t\t\t<h3 class=\"staff-member-name\">Bass, Hans Haller, die Legende von \u201eJack of all Trades\u201c!<\/h3>\r\n\t\t\t\t\r\n\t\t\t\t<div class=\"staff-member-bio\"><p>Erste Band mit Schul- und Fu\u00dfballfreunden gegr\u00fcndet. Dann 1966 erste Auftritte in den Regionen Ingolstadt und Pfaffenhofen. Nach zwei Jahren mehrere Um- und Neubesetzungen und verschiedenen Bandnamen. Letzte Formation von 1978-1984 hie\u00df \u201eFive Crazy\u201c mit S\u00e4ngerin. 1985 wurde die Band \u201eThe Flash\u201c mit internationaler Besetzung gegr\u00fcndet, vier Musiker aus vier L\u00e4ndern. Unsere Auftritte waren in Spanien, Schweiz, \u00d6sterreich und in ganz Deutschland. Nach Aufl\u00f6sung der Band machte ich als Alleinunterhalter weiter. Vor ca. 12 Jahren ist dann die Country-Music mein absoluter Favorit geworden. Mein Repertoire umfasst 150 Titel. Durch einen super Umstand darf ich jetzt bei der WHY NOT BAND die Bass-Seiten zupfen. Ich hoffe, dass wir mit all den Country- und Linedance- Fans noch viele Jahre sch\u00f6ne Konzerte erleben d\u00fcrfen. In diesem Sinne &nbsp;\u201e REAL GOOD COUNTRY SOUND\u201c!<\/p>\n<\/div>\r\n\t\t\t\t\r\n\t\t\t<\/div>\r\n\t\t<\/div> <!-- Close staff-member --><div class=\"staff-member odd \">\r\n\t\t\t<img decoding=\"async\" class=\"staff-member-photo\" src=\"https:\/\/simon-saz.de\/wnb\/v3\/wp-content\/uploads\/2022\/12\/1024-1365-45-150x150.jpg\" alt=\"Drums, Christoph Ihle : \">\r\n\t\t\t<div class=\"staff-member-info-wrap\">\r\n\t\t\t\t<h3 class=\"staff-member-name\">Drums, Christoph Ihle<\/h3>\r\n\t\t\t\t\r\n\t\t\t\t<div class=\"staff-member-bio\"><p>Nach dem Besuch eines Big Band Konzertes mit meinen Eltern im Alter von vier Jahren war ich damals so von dem Schlagzeuger inspiriert, dass ich gleich am n\u00e4chsten Tag mit Kochl\u00f6ffeln auf den Kocht\u00f6pfen und Topfdeckeln meiner Mutter zu klopfen begann, bis ich schlie\u00dflich zu Weihnachten ein Kinderschlagzeug geschenkt bekam, mit dem ich dann zur Musik auf Schallplatten und Kassetten trommeln konnte. Im Alter von f\u00fcnf Jahren lernte ich dann im Klavierunterricht die Grundbegriffe der Musik (Notenlesen, Rhythmik- und Harmonielehre) kennen. Mit sechs Jahren bekam ich meinen ersten Schlagzeugunterricht, wenig sp\u00e4ter mein erstes richtiges Drumset und trat der \u00f6rtlichen Jugendblaskapelle bei und stand so mit sieben Jahren auf der B\u00fchne. W\u00e4hrend der Schulzeit, Studiums und neben meinem Beruf spielte ich in den unterschiedlichsten bekannten Orchestern und Bands und sammelte so musikalische Erfahrung in allen Musikstilrichtungen. Durch krankheitsbedingten Ausfall des Drummers der WHY NOT BAND und meiner schnell zugesagten Hilfe bei den n\u00e4chsten Auftritten bin ich nun fest bei \u201eReal Good Country Sound\u201c gern dabei.&nbsp;<\/p>\n<\/div>\r\n\t\t\t\t\r\n\t\t\t<\/div>\r\n\t\t<\/div> <!-- Close staff-member --><div class=\"staff-member even  last\">\r\n\t\t\t<img decoding=\"async\" class=\"staff-member-photo\" src=\"https:\/\/simon-saz.de\/wnb\/v3\/wp-content\/uploads\/2013\/11\/Yogi-Kopie-150x150.png\" alt=\"&#8222;Yogi&#8220; Alwin Rainer : \">\r\n\t\t\t<div class=\"staff-member-info-wrap\">\r\n\t\t\t\t<h3 class=\"staff-member-name\">&#8222;Yogi&#8220; Alwin Rainer<\/h3>\r\n\t\t\t\t\r\n\t\t\t\t<div class=\"staff-member-bio\"><p>Der vermutlich gr\u00f6\u00dfte Drummer Deutschlands mit 2,08 m K\u00f6rperl\u00e4nge, ist seit etwa 45 Jahren auf der B\u00fchne zu sehen \u2013 ja, er hat seeehr fr\u00fch angefangen, die B\u00fchnenbretter zu beklopfen, und zwar mit den verschiedensten Musikrichtungen \u2013 sei es als Botschafter der bayerischen Bierkultur mit einer Lederhosen-Showband, sei es als w\u00fcster Rocker mit wilder M\u00e4hne und gr\u00f6\u00dftm\u00f6glicher Schie\u00dfbude. Aber auch seit L\u00e4ngerem mit einer Coverband mit Songs aus den Siebzigern und Achtzigern \u2013 oder gar allein mit seinem Schlagzeug auf einem Flo\u00df beim Donauschwimmen in Neuburg. Oder aber auch als Country-Schlagzeuger, der fast 20 Jahre mit Bud Hennessie auf Tour war. Nun ist er endlich bei der <strong>WHY NOT BAND<\/strong> gelandet und hat Gro\u00dfes vor!<\/p>\n<p><strong><img loading=\"lazy\" decoding=\"async\" class=\"wp-image-2739 alignleft\" style=\"margin-top: 0.857143rem;margin-right: 1.71429rem;margin-bottom: 0.857143rem\" src=\"http:\/\/simon-saz.de\/wnb\/v3\/wp-content\/uploads\/2017\/11\/Yogi_Kreuz-removebg-preview.png\" alt=\"\" width=\"27\" height=\"36\"><\/strong><\/p>\n<p><strong style=\"font-size: 1rem\">Am Samstagabend 11.12.2021 ist unser Drummer Yogi unerwartet verstorben.&nbsp; &nbsp; <\/strong><strong style=\"font-size: 1rem\">&nbsp;Er war nicht nur ein Musikerkollege, sondern uns allen ein sehr guter Freund.<\/strong><strong><br \/>\n<\/strong><\/p>\n<\/div>\r\n\t\t\t\t\r\n\t\t\t<\/div>\r\n\t\t<\/div> <!-- Close staff-member --><\/div> <!-- Close staff-member-listing -->\n","protected":false},"excerpt":{"rendered":"","protected":false},"author":1,"featured_media":0,"parent":0,"menu_order":1,"comment_status":"closed","ping_status":"closed","template":"","meta":{"ngg_post_thumbnail":0,"_price":"","_stock":"","_tribe_ticket_header":"","_tribe_default_ticket_provider":"","_tribe_ticket_capacity":"0","_ticket_start_date":"","_ticket_end_date":"","_tribe_ticket_show_description":"","_tribe_ticket_show_not_going":false,"_tribe_ticket_use_global_stock":"","_tribe_ticket_global_stock_level":"","_global_stock_mode":"","_global_stock_cap":"","_tribe_rsvp_for_event":"","_tribe_ticket_going_count":"","_tribe_ticket_not_going_count":"","_tribe_tickets_list":"[]","_tribe_ticket_has_attendee_info_fields":false,"footnotes":"","_tec_slr_enabled":"","_tec_slr_layout":""},"class_list":["post-33","page","type-page","status-publish","hentry"],"ticketed":false,"_links":{"self":[{"href":"https:\/\/simon-saz.de\/wnb\/v3\/index.php?rest_route=\/wp\/v2\/pages\/33","targetHints":{"allow":["GET"]}}],"collection":[{"href":"https:\/\/simon-saz.de\/wnb\/v3\/index.php?rest_route=\/wp\/v2\/pages"}],"about":[{"href":"https:\/\/simon-saz.de\/wnb\/v3\/index.php?rest_route=\/wp\/v2\/types\/page"}],"author":[{"embeddable":true,"href":"https:\/\/simon-saz.de\/wnb\/v3\/index.php?rest_route=\/wp\/v2\/users\/1"}],"replies":[{"embeddable":true,"href":"https:\/\/simon-saz.de\/wnb\/v3\/index.php?rest_route=%2Fwp%2Fv2%2Fcomments&post=33"}],"version-history":[{"count":40,"href":"https:\/\/simon-saz.de\/wnb\/v3\/index.php?rest_route=\/wp\/v2\/pages\/33\/revisions"}],"predecessor-version":[{"id":2676,"href":"https:\/\/simon-saz.de\/wnb\/v3\/index.php?rest_route=\/wp\/v2\/pages\/33\/revisions\/2676"}],"wp:attachment":[{"href":"https:\/\/simon-saz.de\/wnb\/v3\/index.php?rest_route=%2Fwp%2Fv2%2Fmedia&parent=33"}],"curies":[{"name":"wp","href":"https:\/\/api.w.org\/{rel}","templated":true}]}}